{"id":1029,"date":"2025-10-23T12:16:53","date_gmt":"2025-10-23T17:16:53","guid":{"rendered":"https:\/\/antares-logistics.com\/?page_id=1029"},"modified":"2026-03-18T15:17:55","modified_gmt":"2026-03-18T20:17:55","slug":"trabaja-con-nosotros","status":"publish","type":"page","link":"https:\/\/antareslogistics.pe\/en\/trabaja-con-nosotros\/","title":{"rendered":"Work with us"},"content":{"rendered":"<div data-elementor-type=\"wp-page\" data-elementor-id=\"1029\" class=\"elementor elementor-1029\" data-elementor-post-type=\"page\">\n\t\t\t\t<div class=\"elementor-element elementor-element-5d6f7c6 grupo e-flex e-con-boxed e-con e-parent\" data-id=\"5d6f7c6\" data-element_type=\"container\" data-e-type=\"container\" data-settings=\"{&quot;background_background&quot;:&quot;classic&quot;}\">\n\t\t\t\t\t<div class=\"e-con-inner\">\n\t\t<div class=\"elementor-element elementor-element-8ee2873 e-con-full e-flex e-con e-child\" data-id=\"8ee2873\" data-element_type=\"container\" data-e-type=\"container\">\n\t\t\t\t<div class=\"elementor-element elementor-element-9e1cfc9 elementor-widget elementor-widget-heading\" data-id=\"9e1cfc9\" data-element_type=\"widget\" data-e-type=\"widget\" data-widget_type=\"heading.default\">\n\t\t\t\t\t<h1 class=\"elementor-heading-title elementor-size-default\">Jobs in logistics in Peru that drive your future<\/h1>\t\t\t\t<\/div>\n\t\t\t\t<\/div>\n\t\t<div class=\"elementor-element elementor-element-11fcee0 e-con-full e-flex e-con e-child\" data-id=\"11fcee0\" data-element_type=\"container\" data-e-type=\"container\">\n\t\t\t\t<div class=\"elementor-element elementor-element-9b45e02 elementor-invisible elementor-widget elementor-widget-text-editor\" data-id=\"9b45e02\" data-element_type=\"widget\" data-e-type=\"widget\" data-settings=\"{&quot;_animation&quot;:&quot;slideInRight&quot;,&quot;_animation_tablet&quot;:&quot;none&quot;}\" data-widget_type=\"text-editor.default\">\n\t\t\t\t\t\t\t\t\t<p>Part of a group leader in logistics solutions in Latam. Develop your talent in a dynamic environment and human.<\/p>\t\t\t\t\t\t\t\t<\/div>\n\t\t\t\t<\/div>\n\t\t\t\t\t<\/div>\n\t\t\t\t<\/div>\n\t\t<div class=\"elementor-element elementor-element-4e0b51c grupo e-flex e-con-boxed e-con e-parent\" data-id=\"4e0b51c\" data-element_type=\"container\" data-e-type=\"container\" data-settings=\"{&quot;background_background&quot;:&quot;classic&quot;}\">\n\t\t\t\t\t<div class=\"e-con-inner\">\n\t\t<div class=\"elementor-element elementor-element-f1e73fe e-con-full trabaja elementor-hidden-mobile e-flex e-con e-child\" data-id=\"f1e73fe\" data-element_type=\"container\" data-e-type=\"container\" data-settings=\"{&quot;background_background&quot;:&quot;classic&quot;,&quot;position&quot;:&quot;absolute&quot;}\">\n\t\t\t\t<\/div>\n\t\t<div class=\"elementor-element elementor-element-d7643cd e-con-full elementor-hidden-mobile e-flex e-con e-child\" data-id=\"d7643cd\" data-element_type=\"container\" data-e-type=\"container\">\n\t\t\t\t<\/div>\n\t\t<div class=\"elementor-element elementor-element-6986b09 e-con-full e-flex e-con e-child\" data-id=\"6986b09\" data-element_type=\"container\" data-e-type=\"container\">\n\t\t\t\t<div class=\"elementor-element elementor-element-524fa1d elementor-widget-mobile__width-inherit elementor-widget elementor-widget-heading\" data-id=\"524fa1d\" data-element_type=\"widget\" data-e-type=\"widget\" data-widget_type=\"heading.default\">\n\t\t\t\t\t<h2 class=\"elementor-heading-title elementor-size-default\">Join our team and grow with us\n<\/h2>\t\t\t\t<\/div>\n\t\t\t\t<div class=\"elementor-element elementor-element-87e0877 elementor-widget elementor-widget-text-editor\" data-id=\"87e0877\" data-element_type=\"widget\" data-e-type=\"widget\" data-widget_type=\"text-editor.default\">\n\t\t\t\t\t\t\t\t\t<p>Working at Antares Logistics is part of a network that connects countries, people, and opportunities. Here we nurture your professional development with training programs, leadership and steady growth. Be part of a group that combines experience, innovation, and purpose in each action.<\/p>\t\t\t\t\t\t\t\t<\/div>\n\t\t\t\t<\/div>\n\t\t\t\t\t<\/div>\n\t\t\t\t<\/div>\n\t\t<div class=\"elementor-element elementor-element-e255265 grupo--compacto e-flex e-con-boxed e-con e-parent\" data-id=\"e255265\" data-element_type=\"container\" data-e-type=\"container\" data-settings=\"{&quot;background_background&quot;:&quot;classic&quot;}\">\n\t\t\t\t\t<div class=\"e-con-inner\">\n\t\t<div class=\"elementor-element elementor-element-15a0720 e-con-full e-flex e-con e-child\" data-id=\"15a0720\" data-element_type=\"container\" data-e-type=\"container\">\n\t\t\t\t<div class=\"elementor-element elementor-element-d07c524 elementor-widget-mobile__width-inherit elementor-widget elementor-widget-heading\" data-id=\"d07c524\" data-element_type=\"widget\" data-e-type=\"widget\" data-widget_type=\"heading.default\">\n\t\t\t\t\t<h2 class=\"elementor-heading-title elementor-size-default\">Conoce nuestras vacantes disponibles<\/h2>\t\t\t\t<\/div>\n\t\t\t\t<\/div>\n\t\t<div class=\"elementor-element elementor-element-630c3f4 e-con-full e-flex e-con e-child\" data-id=\"630c3f4\" data-element_type=\"container\" data-e-type=\"container\">\n\t\t\t\t<div class=\"elementor-element elementor-element-42a95be elementor-widget elementor-widget-text-editor\" data-id=\"42a95be\" data-element_type=\"widget\" data-e-type=\"widget\" data-widget_type=\"text-editor.default\">\n\t\t\t\t\t\t\t\t\t<p>Speak directly with our team and receive guidance on the application process or practices.<\/p>\t\t\t\t\t\t\t\t<\/div>\n\t\t\t\t<div class=\"elementor-element elementor-element-66da568 elementor-widget elementor-widget-button\" data-id=\"66da568\" data-element_type=\"widget\" data-e-type=\"widget\" data-widget_type=\"button.default\">\n\t\t\t\t\t\t\t\t\t\t<a class=\"elementor-button elementor-button-link elementor-size-sm\" href=\"https:\/\/grupotransmeridian.buk.pe\/trabaja-con-nosotros\" target=\"_blank\" rel=\"nofollow noopener\">\n\t\t\t\t\t\t<span class=\"elementor-button-content-wrapper\">\n\t\t\t\t\t\t\t\t\t<span class=\"elementor-button-text\">Explorar vacantes<\/span>\n\t\t\t\t\t<\/span>\n\t\t\t\t\t<\/a>\n\t\t\t\t\t\t\t\t<\/div>\n\t\t\t\t<\/div>\n\t\t\t\t\t<\/div>\n\t\t\t\t<\/div>\n\t\t\t\t<\/div>","protected":false},"excerpt":{"rendered":"<p>Empleos en log\u00edstica en Per\u00fa que impulsan tu futuro Forma parte de un grupo l\u00edder en soluciones log\u00edsticas en Latam. Desarrolla tu talento en un entorno din\u00e1mico y humano. \u00danete a nuestro equipo y crece con nosotros Trabajar en Antares Logistics es formar parte de una red que conecta pa\u00edses, personas y oportunidades. Aqu\u00ed potenciamos [&hellip;]<\/p>\n","protected":false},"author":1,"featured_media":0,"parent":0,"menu_order":0,"comment_status":"closed","ping_status":"closed","template":"","meta":{"footnotes":""},"class_list":["post-1029","page","type-page","status-publish","hentry"],"blocksy_meta":[],"_links":{"self":[{"href":"https:\/\/antareslogistics.pe\/en\/wp-json\/wp\/v2\/pages\/1029","targetHints":{"allow":["GET"]}}],"collection":[{"href":"https:\/\/antareslogistics.pe\/en\/wp-json\/wp\/v2\/pages"}],"about":[{"href":"https:\/\/antareslogistics.pe\/en\/wp-json\/wp\/v2\/types\/page"}],"author":[{"embeddable":true,"href":"https:\/\/antareslogistics.pe\/en\/wp-json\/wp\/v2\/users\/1"}],"replies":[{"embeddable":true,"href":"https:\/\/antareslogistics.pe\/en\/wp-json\/wp\/v2\/comments?post=1029"}],"version-history":[{"count":9,"href":"https:\/\/antareslogistics.pe\/en\/wp-json\/wp\/v2\/pages\/1029\/revisions"}],"predecessor-version":[{"id":2951,"href":"https:\/\/antareslogistics.pe\/en\/wp-json\/wp\/v2\/pages\/1029\/revisions\/2951"}],"wp:attachment":[{"href":"https:\/\/antareslogistics.pe\/en\/wp-json\/wp\/v2\/media?parent=1029"}],"curies":[{"name":"wp","href":"https:\/\/api.w.org\/{rel}","templated":true}]}}