{"id":169,"date":"2025-10-16T10:35:15","date_gmt":"2025-10-16T15:35:15","guid":{"rendered":"https:\/\/antares-logistics.com\/?page_id=169"},"modified":"2026-03-05T14:35:52","modified_gmt":"2026-03-05T19:35:52","slug":"contactanos","status":"publish","type":"page","link":"https:\/\/antareslogistics.pe\/en\/contactanos\/","title":{"rendered":"Contact us"},"content":{"rendered":"\t\t<div data-elementor-type=\"wp-page\" data-elementor-id=\"169\" class=\"elementor elementor-169\" data-elementor-post-type=\"page\">\n\t\t\t\t<div class=\"elementor-element elementor-element-878bed7 grupo e-flex e-con-boxed e-con e-parent\" data-id=\"878bed7\" data-element_type=\"container\" data-e-type=\"container\" data-settings=\"{&quot;background_background&quot;:&quot;classic&quot;}\">\n\t\t\t\t\t<div class=\"e-con-inner\">\n\t\t<div class=\"elementor-element elementor-element-4276e5c e-con-full e-flex e-con e-child\" data-id=\"4276e5c\" data-element_type=\"container\" data-e-type=\"container\">\n\t\t\t\t<div class=\"elementor-element elementor-element-3cc357f elementor-widget elementor-widget-heading\" data-id=\"3cc357f\" data-element_type=\"widget\" data-e-type=\"widget\" data-widget_type=\"heading.default\">\n\t\t\t\t\t<h1 class=\"elementor-heading-title elementor-size-default\">Contacta con un asesor especializado<\/h1>\t\t\t\t<\/div>\n\t\t\t\t<\/div>\n\t\t<div class=\"elementor-element elementor-element-d9e3f54 e-con-full e-flex e-con e-child\" data-id=\"d9e3f54\" data-element_type=\"container\" data-e-type=\"container\">\n\t\t\t\t<div class=\"elementor-element elementor-element-24e96d8 elementor-widget elementor-widget-text-editor\" data-id=\"24e96d8\" data-element_type=\"widget\" data-e-type=\"widget\" data-widget_type=\"text-editor.default\">\n\t\t\t\t\t\t\t\t\t<p>Solicita tu asesor\u00eda de manera \u00e1gil y personalizada, adaptada a tus necesidades.<\/p>\t\t\t\t\t\t\t\t<\/div>\n\t\t\t\t<\/div>\n\t\t\t\t\t<\/div>\n\t\t\t\t<\/div>\n\t\t<div class=\"elementor-element elementor-element-bbcec1d grupo e-flex e-con-boxed e-con e-parent\" data-id=\"bbcec1d\" data-element_type=\"container\" data-e-type=\"container\" data-settings=\"{&quot;background_background&quot;:&quot;classic&quot;}\">\n\t\t\t\t\t<div class=\"e-con-inner\">\n\t\t<div class=\"elementor-element elementor-element-af12aa1 e-con-full e-flex e-con e-child\" data-id=\"af12aa1\" data-element_type=\"container\" data-e-type=\"container\" id=\"form\">\n\t\t\t\t<div class=\"elementor-element elementor-element-a9599b7 elementor-widget elementor-widget-heading\" data-id=\"a9599b7\" data-element_type=\"widget\" data-e-type=\"widget\" data-widget_type=\"heading.default\">\n\t\t\t\t\t<h2 class=\"elementor-heading-title elementor-size-default\">Solicita una asesor\u00eda personalizada<\/h2>\t\t\t\t<\/div>\n\t\t\t\t<div class=\"elementor-element elementor-element-2b1dbc5 elementor-widget elementor-widget-text-editor\" data-id=\"2b1dbc5\" data-element_type=\"widget\" data-e-type=\"widget\" data-widget_type=\"text-editor.default\">\n\t\t\t\t\t\t\t\t\t<p>Completa el formulario con los detalles de tu operaci\u00f3n y un asesor especializado te responder\u00e1 pronto.<\/p>\t\t\t\t\t\t\t\t<\/div>\n\t\t\t\t<div class=\"elementor-element elementor-element-085ea71 cotiza elementor-button-align-stretch elementor-widget elementor-widget-form\" data-id=\"085ea71\" data-element_type=\"widget\" data-e-type=\"widget\" id=\"cotizar\" data-settings=\"{&quot;step_next_label&quot;:&quot;Siguiente&quot;,&quot;step_previous_label&quot;:&quot;Anterior&quot;,&quot;button_width&quot;:&quot;40&quot;,&quot;button_width_tablet&quot;:&quot;50&quot;,&quot;step_type&quot;:&quot;number_text&quot;,&quot;step_icon_shape&quot;:&quot;circle&quot;}\" data-widget_type=\"form.default\">\n\t\t\t\t\t\t\t<form class=\"elementor-form\" method=\"post\" name=\"Nuevo formulario\" aria-label=\"Nuevo formulario\">\n\t\t\t<input type=\"hidden\" name=\"post_id\" value=\"169\"\/>\n\t\t\t<input type=\"hidden\" name=\"form_id\" value=\"085ea71\"\/>\n\t\t\t<input type=\"hidden\" name=\"referer_title\" value=\"Cont\u00e1ctanos - GT Antares Logistics\" \/>\n\n\t\t\t\t\t\t\t<input type=\"hidden\" name=\"queried_id\" value=\"169\"\/>\n\t\t\t\n\t\t\t<div class=\"elementor-form-fields-wrapper elementor-labels-above\">\n\t\t\t\t\t\t\t\t<div class=\"elementor-field-type-text elementor-field-group elementor-column elementor-field-group-nombre elementor-col-100 elementor-md-100\">\n\t\t\t\t\t\t\t\t\t\t\t\t<label for=\"form-field-nombre\" class=\"elementor-field-label\">\n\t\t\t\t\t\t\t\tNombre completo\t\t\t\t\t\t\t<\/label>\n\t\t\t\t\t\t\t\t\t\t\t\t\t\t<input size=\"1\" type=\"text\" name=\"form_fields[nombre]\" id=\"form-field-nombre\" class=\"elementor-field elementor-size-sm  elementor-field-textual\">\n\t\t\t\t\t\t\t\t\t\t\t<\/div>\n\t\t\t\t\t\t\t\t<div class=\"elementor-field-type-text elementor-field-group elementor-column elementor-field-group-razon elementor-col-50 elementor-md-50\">\n\t\t\t\t\t\t\t\t\t\t\t\t<label for=\"form-field-razon\" class=\"elementor-field-label\">\n\t\t\t\t\t\t\t\tRaz\u00f3n social\t\t\t\t\t\t\t<\/label>\n\t\t\t\t\t\t\t\t\t\t\t\t\t\t<input size=\"1\" type=\"text\" name=\"form_fields[razon]\" id=\"form-field-razon\" class=\"elementor-field elementor-size-sm  elementor-field-textual\">\n\t\t\t\t\t\t\t\t\t\t\t<\/div>\n\t\t\t\t\t\t\t\t<div class=\"elementor-field-type-number elementor-field-group elementor-column elementor-field-group-ruc elementor-col-50 elementor-md-50\">\n\t\t\t\t\t\t\t\t\t\t\t\t<label for=\"form-field-ruc\" class=\"elementor-field-label\">\n\t\t\t\t\t\t\t\tRUC\t\t\t\t\t\t\t<\/label>\n\t\t\t\t\t\t\t\t\t<input type=\"number\" name=\"form_fields[ruc]\" id=\"form-field-ruc\" class=\"elementor-field elementor-size-sm  elementor-field-textual\" min=\"\" max=\"\" >\n\t\t\t\t\t\t<\/div>\n\t\t\t\t\t\t\t\t<div class=\"elementor-field-type-email elementor-field-group elementor-column elementor-field-group-email elementor-col-50 elementor-md-60 elementor-field-required\">\n\t\t\t\t\t\t\t\t\t\t\t\t<label for=\"form-field-email\" class=\"elementor-field-label\">\n\t\t\t\t\t\t\t\tCorreo electr\u00f3nico\t\t\t\t\t\t\t<\/label>\n\t\t\t\t\t\t\t\t\t\t\t\t\t\t<input size=\"1\" type=\"email\" name=\"form_fields[email]\" id=\"form-field-email\" class=\"elementor-field elementor-size-sm  elementor-field-textual\" required=\"required\">\n\t\t\t\t\t\t\t\t\t\t\t<\/div>\n\t\t\t\t\t\t\t\t<div class=\"elementor-field-type-tel elementor-field-group elementor-column elementor-field-group-telefono elementor-col-50 elementor-md-40\">\n\t\t\t\t\t\t\t\t\t\t\t\t<label for=\"form-field-telefono\" class=\"elementor-field-label\">\n\t\t\t\t\t\t\t\tTel\u00e9fono\t\t\t\t\t\t\t<\/label>\n\t\t\t\t\t\t\t\t<input size=\"1\" type=\"tel\" name=\"form_fields[telefono]\" id=\"form-field-telefono\" class=\"elementor-field elementor-size-sm  elementor-field-textual\" pattern=\"[0-9()#&amp;+*-=.]+\" title=\"Only numbers and phone characters (#, -, *, etc.) are accepted.\">\n\n\t\t\t\t\t\t<\/div>\n\t\t\t\t\t\t\t\t<div class=\"elementor-field-type-checkbox elementor-field-group elementor-column elementor-field-group-servicio elementor-col-50 elementor-md-100\">\n\t\t\t\t\t\t\t\t\t\t\t\t<label for=\"form-field-servicio\" class=\"elementor-field-label\">\n\t\t\t\t\t\t\t\tServicio a consultar (Puede elegir varios)\t\t\t\t\t\t\t<\/label>\n\t\t\t\t\t\t<div class=\"elementor-field-subgroup  \"><span class=\"elementor-field-option\"><input type=\"checkbox\" value=\"Servicio logistico integral\" id=\"form-field-servicio-0\" name=\"form_fields[servicio][]\"> <label for=\"form-field-servicio-0\">Servicio logistico integral<\/label><\/span><span class=\"elementor-field-option\"><input type=\"checkbox\" value=\"Agenciamiento de carga\" id=\"form-field-servicio-1\" name=\"form_fields[servicio][]\"> <label for=\"form-field-servicio-1\">Agenciamiento de carga<\/label><\/span><span class=\"elementor-field-option\"><input type=\"checkbox\" value=\"Carga de proyectos\" id=\"form-field-servicio-2\" name=\"form_fields[servicio][]\"> <label for=\"form-field-servicio-2\">Carga de proyectos<\/label><\/span><\/div>\t\t\t\t<\/div>\n\t\t\t\t\t\t\t\t<div class=\"elementor-field-type-select elementor-field-group elementor-column elementor-field-group-sector elementor-col-50 elementor-md-100\">\n\t\t\t\t\t\t\t\t\t\t\t\t<label for=\"form-field-sector\" class=\"elementor-field-label\">\n\t\t\t\t\t\t\t\tIndustria \/ Sector\t\t\t\t\t\t\t<\/label>\n\t\t\t\t\t\t\t\t<div class=\"elementor-field elementor-select-wrapper remove-before \">\n\t\t\t<div class=\"select-caret-down-wrapper\">\n\t\t\t\t<svg aria-hidden=\"true\" class=\"e-font-icon-svg e-eicon-caret-down\" viewBox=\"0 0 571.4 571.4\" xmlns=\"http:\/\/www.w3.org\/2000\/svg\"><path d=\"M571 393Q571 407 561 418L311 668Q300 679 286 679T261 668L11 418Q0 407 0 393T11 368 36 357H536Q550 357 561 368T571 393Z\"><\/path><\/svg>\t\t\t<\/div>\n\t\t\t<select name=\"form_fields[sector]\" id=\"form-field-sector\" class=\"elementor-field-textual elementor-size-sm\">\n\t\t\t\t\t\t\t\t\t<option value=\"Miner\u00eda y energ\u00eda\">Miner\u00eda y energ\u00eda<\/option>\n\t\t\t\t\t\t\t\t\t<option value=\"Agroexportaci\u00f3n\">Agroexportaci\u00f3n<\/option>\n\t\t\t\t\t\t\t\t\t<option value=\"Retail y consumo masivo\">Retail y consumo masivo<\/option>\n\t\t\t\t\t\t\t\t\t<option value=\"Construcci\u00f3n e infraestructura\">Construcci\u00f3n e infraestructura<\/option>\n\t\t\t\t\t\t\t\t\t<option value=\"Industria manufacturera\">Industria manufacturera<\/option>\n\t\t\t\t\t\t\t\t\t<option value=\"Farmac\u00e9utico y salud\">Farmac\u00e9utico y salud<\/option>\n\t\t\t\t\t\t\t\t\t<option value=\"Tecnolog\u00eda y electr\u00f3nica\">Tecnolog\u00eda y electr\u00f3nica<\/option>\n\t\t\t\t\t\t\t\t\t<option value=\"Automotriz\">Automotriz<\/option>\n\t\t\t\t\t\t\t\t\t<option value=\"Textil y moda\">Textil y moda<\/option>\n\t\t\t\t\t\t\t\t\t<option value=\"Alimentos y bebidas\">Alimentos y bebidas<\/option>\n\t\t\t\t\t\t\t\t\t<option value=\"Log\u00edstica y transporte\">Log\u00edstica y transporte<\/option>\n\t\t\t\t\t\t\t\t\t<option value=\"Otros sectores\">Otros sectores<\/option>\n\t\t\t\t\t\t\t<\/select>\n\t\t<\/div>\n\t\t\t\t\t\t<\/div>\n\t\t\t\t\t\t\t\t<div class=\"elementor-field-type-textarea elementor-field-group elementor-column elementor-field-group-mensaje elementor-col-100 elementor-md-100\">\n\t\t\t\t\t\t\t\t\t\t\t\t<label for=\"form-field-mensaje\" class=\"elementor-field-label\">\n\t\t\t\t\t\t\t\tDetalles de solicitud\t\t\t\t\t\t\t<\/label>\n\t\t\t\t\t\t<textarea class=\"elementor-field-textual elementor-field  elementor-size-sm\" name=\"form_fields[mensaje]\" id=\"form-field-mensaje\" rows=\"4\" placeholder=\"Hola...\"><\/textarea>\t\t\t\t<\/div>\n\t\t\t\t\t\t\t\t<div class=\"elementor-field-type-recaptcha_v3 elementor-field-group elementor-column elementor-field-group-field_93e1a5e elementor-col-100 recaptcha_v3-bottomright\">\n\t\t\t\t\t<div class=\"elementor-field\" id=\"form-field-field_93e1a5e\"><div class=\"elementor-g-recaptcha\" data-sitekey=\"6LeSSFgsAAAAAGYhMsGEFxJzGeBazC6X6g-a4E-8\" data-type=\"v3\" data-action=\"Form\" data-badge=\"bottomright\" data-size=\"invisible\"><\/div><\/div>\t\t\t\t<\/div>\n\t\t\t\t\t\t\t\t<div class=\"elementor-field-group elementor-column elementor-field-type-submit elementor-col-40 e-form__buttons elementor-md-50\">\n\t\t\t\t\t<button class=\"elementor-button elementor-size-sm\" type=\"submit\">\n\t\t\t\t\t\t<span class=\"elementor-button-content-wrapper\">\n\t\t\t\t\t\t\t\t\t\t\t\t\t\t\t\t\t\t\t\t\t\t<span class=\"elementor-button-text\">Enviar solicitud<\/span>\n\t\t\t\t\t\t\t\t\t\t\t\t\t<\/span>\n\t\t\t\t\t<\/button>\n\t\t\t\t<\/div>\n\t\t\t<\/div>\n\t\t<\/form>\n\t\t\t\t\t\t<\/div>\n\t\t\t\t<\/div>\n\t\t<div class=\"elementor-element elementor-element-17c82a6 e-con-full e-flex e-con e-child\" data-id=\"17c82a6\" data-element_type=\"container\" data-e-type=\"container\">\n\t\t<div class=\"elementor-element elementor-element-5e600a8 e-con-full e-flex e-con e-child\" data-id=\"5e600a8\" data-element_type=\"container\" data-e-type=\"container\">\n\t\t\t\t<div class=\"elementor-element elementor-element-833e679 elementor-widget elementor-widget-heading\" data-id=\"833e679\" data-element_type=\"widget\" data-e-type=\"widget\" data-widget_type=\"heading.default\">\n\t\t\t\t\t<h3 class=\"elementor-heading-title elementor-size-default\">Informaci\u00f3n de\ncontacto<\/h3>\t\t\t\t<\/div>\n\t\t\t\t<div class=\"elementor-element elementor-element-8f6342a elementor-widget elementor-widget-text-editor\" data-id=\"8f6342a\" data-element_type=\"widget\" data-e-type=\"widget\" data-widget_type=\"text-editor.default\">\n\t\t\t\t\t\t\t\t\t<p data-start=\"580\" data-end=\"698\">Cont\u00e1ctanos por correo o tel\u00e9fono y recibe atenci\u00f3n directa de nuestro equipo comercial.<\/p>\t\t\t\t\t\t\t\t<\/div>\n\t\t\t\t<\/div>\n\t\t<div class=\"elementor-element elementor-element-9b9f2a8 e-con-full e-flex e-con e-child\" data-id=\"9b9f2a8\" data-element_type=\"container\" data-e-type=\"container\">\n\t\t<div class=\"elementor-element elementor-element-1440f78 e-con-full e-flex e-con e-child\" data-id=\"1440f78\" data-element_type=\"container\" data-e-type=\"container\">\n\t\t\t\t<div class=\"elementor-element elementor-element-21bd4f3 elementor-widget__width-initial elementor-widget elementor-widget-image\" data-id=\"21bd4f3\" data-element_type=\"widget\" data-e-type=\"widget\" data-widget_type=\"image.default\">\n\t\t\t\t\t\t\t\t\t\t\t\t\t\t\t<img fetchpriority=\"high\" decoding=\"async\" width=\"347\" height=\"348\" src=\"https:\/\/www.antareslogistics.com.pe\/wp-content\/uploads\/2025\/12\/telf.png\" class=\"attachment-large size-large wp-image-2099\" alt=\"\" srcset=\"https:\/\/www.antareslogistics.com.pe\/wp-content\/uploads\/2025\/12\/telf.png 347w, https:\/\/www.antareslogistics.com.pe\/wp-content\/uploads\/2025\/12\/telf-300x300.png 300w, https:\/\/www.antareslogistics.com.pe\/wp-content\/uploads\/2025\/12\/telf-150x150.png 150w, https:\/\/www.antareslogistics.com.pe\/wp-content\/uploads\/2025\/12\/telf-12x12.png 12w\" sizes=\"(max-width: 347px) 100vw, 347px\" \/>\t\t\t\t\t\t\t\t\t\t\t\t\t\t\t<\/div>\n\t\t\t\t<div class=\"elementor-element elementor-element-ae2d55b elementor-widget elementor-widget-text-editor\" data-id=\"ae2d55b\" data-element_type=\"widget\" data-e-type=\"widget\" data-widget_type=\"text-editor.default\">\n\t\t\t\t\t\t\t\t\t<p>+511 6123000<\/p>\t\t\t\t\t\t\t\t<\/div>\n\t\t\t\t<\/div>\n\t\t<div class=\"elementor-element elementor-element-95f8600 e-con-full e-flex e-con e-child\" data-id=\"95f8600\" data-element_type=\"container\" data-e-type=\"container\">\n\t\t\t\t<div class=\"elementor-element elementor-element-0bcfea7 elementor-widget__width-initial elementor-widget elementor-widget-image\" data-id=\"0bcfea7\" data-element_type=\"widget\" data-e-type=\"widget\" data-widget_type=\"image.default\">\n\t\t\t\t\t\t\t\t\t\t\t\t\t\t\t<img decoding=\"async\" width=\"347\" height=\"347\" src=\"https:\/\/www.antareslogistics.com.pe\/wp-content\/uploads\/2025\/12\/correo.png\" class=\"attachment-large size-large wp-image-2100\" alt=\"\" srcset=\"https:\/\/www.antareslogistics.com.pe\/wp-content\/uploads\/2025\/12\/correo.png 347w, https:\/\/www.antareslogistics.com.pe\/wp-content\/uploads\/2025\/12\/correo-300x300.png 300w, https:\/\/www.antareslogistics.com.pe\/wp-content\/uploads\/2025\/12\/correo-150x150.png 150w, https:\/\/www.antareslogistics.com.pe\/wp-content\/uploads\/2025\/12\/correo-12x12.png 12w\" sizes=\"(max-width: 347px) 100vw, 347px\" \/>\t\t\t\t\t\t\t\t\t\t\t\t\t\t\t<\/div>\n\t\t\t\t<div class=\"elementor-element elementor-element-09bbb52 elementor-widget elementor-widget-text-editor\" data-id=\"09bbb52\" data-element_type=\"widget\" data-e-type=\"widget\" data-widget_type=\"text-editor.default\">\n\t\t\t\t\t\t\t\t\t<p>informes@antareslogistics.com.pe<\/p>\t\t\t\t\t\t\t\t<\/div>\n\t\t\t\t<\/div>\n\t\t<div class=\"elementor-element elementor-element-616aa33 e-con-full e-flex e-con e-child\" data-id=\"616aa33\" data-element_type=\"container\" data-e-type=\"container\">\n\t\t\t\t<div class=\"elementor-element elementor-element-57b565f elementor-widget__width-initial elementor-widget-mobile__width-initial elementor-widget elementor-widget-image\" data-id=\"57b565f\" data-element_type=\"widget\" data-e-type=\"widget\" data-widget_type=\"image.default\">\n\t\t\t\t\t\t\t\t\t\t\t\t\t\t\t<img decoding=\"async\" width=\"347\" height=\"347\" src=\"https:\/\/www.antareslogistics.com.pe\/wp-content\/uploads\/2025\/12\/ubicacion.png\" class=\"attachment-large size-large wp-image-2101\" alt=\"\" srcset=\"https:\/\/www.antareslogistics.com.pe\/wp-content\/uploads\/2025\/12\/ubicacion.png 347w, https:\/\/www.antareslogistics.com.pe\/wp-content\/uploads\/2025\/12\/ubicacion-300x300.png 300w, https:\/\/www.antareslogistics.com.pe\/wp-content\/uploads\/2025\/12\/ubicacion-150x150.png 150w, https:\/\/www.antareslogistics.com.pe\/wp-content\/uploads\/2025\/12\/ubicacion-12x12.png 12w\" sizes=\"(max-width: 347px) 100vw, 347px\" \/>\t\t\t\t\t\t\t\t\t\t\t\t\t\t\t<\/div>\n\t\t\t\t<div class=\"elementor-element elementor-element-39179a7 elementor-widget elementor-widget-text-editor\" data-id=\"39179a7\" data-element_type=\"widget\" data-e-type=\"widget\" data-widget_type=\"text-editor.default\">\n\t\t\t\t\t\t\t\t\t<p>Av. Rep\u00fablica de Colombia Nro. 717 San Isidro , Lima &#8211; Per\u00fa<\/p>\t\t\t\t\t\t\t\t<\/div>\n\t\t\t\t<\/div>\n\t\t\t\t<\/div>\n\t\t<div class=\"elementor-element elementor-element-ed7a4a3 e-con-full e-flex e-con e-child\" data-id=\"ed7a4a3\" data-element_type=\"container\" data-e-type=\"container\">\n\t\t\t\t<div class=\"elementor-element elementor-element-c20f04a elementor-widget elementor-widget-text-editor\" data-id=\"c20f04a\" data-element_type=\"widget\" data-e-type=\"widget\" data-widget_type=\"text-editor.default\">\n\t\t\t\t\t\t\t\t\t<p>S\u00edguenos en:<\/p>\t\t\t\t\t\t\t\t<\/div>\n\t\t\t\t<div class=\"elementor-element elementor-element-0548158 sociales elementor-shape-rounded elementor-grid-0 e-grid-align-center elementor-widget elementor-widget-social-icons\" data-id=\"0548158\" data-element_type=\"widget\" data-e-type=\"widget\" data-widget_type=\"social-icons.default\">\n\t\t\t\t\t\t\t<div class=\"elementor-social-icons-wrapper elementor-grid\">\n\t\t\t\t\t\t\t<span class=\"elementor-grid-item\">\n\t\t\t\t\t<a class=\"elementor-icon elementor-social-icon elementor-social-icon-linkedin-in elementor-repeater-item-78b247a\" href=\"https:\/\/www.linkedin.com\/company\/antares-logistics\/\" target=\"_blank\" rel=\"noopener\">\n\t\t\t\t\t\t<span class=\"elementor-screen-only\">Linkedin-in<\/span>\n\t\t\t\t\t\t<svg aria-hidden=\"true\" class=\"e-font-icon-svg e-fab-linkedin-in\" viewBox=\"0 0 448 512\" xmlns=\"http:\/\/www.w3.org\/2000\/svg\"><path d=\"M100.28 448H7.4V148.9h92.88zM53.79 108.1C24.09 108.1 0 83.5 0 53.8a53.79 53.79 0 0 1 107.58 0c0 29.7-24.1 54.3-53.79 54.3zM447.9 448h-92.68V302.4c0-34.7-.7-79.2-48.29-79.2-48.29 0-55.69 37.7-55.69 76.7V448h-92.78V148.9h89.08v40.8h1.3c12.4-23.5 42.69-48.3 87.88-48.3 94 0 111.28 61.9 111.28 142.3V448z\"><\/path><\/svg>\t\t\t\t\t<\/a>\n\t\t\t\t<\/span>\n\t\t\t\t\t<\/div>\n\t\t\t\t\t\t<\/div>\n\t\t\t\t<\/div>\n\t\t\t\t<\/div>\n\t\t\t\t\t<\/div>\n\t\t\t\t<\/div>\n\t\t<div class=\"elementor-element elementor-element-269cd5f map e-con-full e-flex e-con e-parent\" data-id=\"269cd5f\" data-element_type=\"container\" data-e-type=\"container\">\n\t\t\t\t<div class=\"elementor-element elementor-element-df97317 elementor-widget elementor-widget-html\" data-id=\"df97317\" data-element_type=\"widget\" data-e-type=\"widget\" data-widget_type=\"html.default\">\n\t\t\t\t\t<iframe src=\"https:\/\/www.google.com\/maps\/embed?pb=!1m18!1m12!1m3!1d2758.570415065477!2d-77.02714459767236!3d-12.097929356321348!2m3!1f0!2f0!3f0!3m2!1i1024!2i768!4f13.1!3m3!1m2!1s0x9105c86fe137438f%3A0xba30a3304b5f8c0c!2sAntares%20Logistics%20Sac!5e0!3m2!1ses-419!2spe!4v1761051995414!5m2!1ses-419!2spe\" width=\"600\" height=\"450\" style=\"border:0;\" allowfullscreen=\"\" loading=\"lazy\" referrerpolicy=\"no-referrer-when-downgrade\"><\/iframe>\t\t\t\t<\/div>\n\t\t\t\t<\/div>\n\t\t<div class=\"elementor-element elementor-element-8a061cc grupo--compacto e-flex e-con-boxed e-con e-parent\" data-id=\"8a061cc\" data-element_type=\"container\" data-e-type=\"container\" data-settings=\"{&quot;background_background&quot;:&quot;classic&quot;}\">\n\t\t\t\t\t<div class=\"e-con-inner\">\n\t\t<div class=\"elementor-element elementor-element-117ea17 e-con-full e-flex e-con e-child\" data-id=\"117ea17\" data-element_type=\"container\" data-e-type=\"container\">\n\t\t\t\t<div class=\"elementor-element elementor-element-482c3fa elementor-widget elementor-widget-heading\" data-id=\"482c3fa\" data-element_type=\"widget\" data-e-type=\"widget\" data-widget_type=\"heading.default\">\n\t\t\t\t\t<h2 class=\"elementor-heading-title elementor-size-default\">Queremos acompa\u00f1arte en cada paso<\/h2>\t\t\t\t<\/div>\n\t\t\t\t<\/div>\n\t\t<div class=\"elementor-element elementor-element-dbca1f0 e-con-full e-flex e-con e-child\" data-id=\"dbca1f0\" data-element_type=\"container\" data-e-type=\"container\">\n\t\t\t\t<div class=\"elementor-element elementor-element-7ae4d1d elementor-widget elementor-widget-text-editor\" data-id=\"7ae4d1d\" data-element_type=\"widget\" data-e-type=\"widget\" data-widget_type=\"text-editor.default\">\n\t\t\t\t\t\t\t\t\t<p>Te guiamos en cada paso, haciendo que tu experiencia con nuestros servicios sea sencilla y segura.<\/p>\t\t\t\t\t\t\t\t<\/div>\n\t\t\t\t<div class=\"elementor-element elementor-element-a6e7860 btn-variante elementor-widget elementor-widget-button\" data-id=\"a6e7860\" data-element_type=\"widget\" data-e-type=\"widget\" data-widget_type=\"button.default\">\n\t\t\t\t\t\t\t\t\t\t<a class=\"elementor-button elementor-button-link elementor-size-sm\" href=\"#form\">\n\t\t\t\t\t\t<span class=\"elementor-button-content-wrapper\">\n\t\t\t\t\t\t\t\t\t<span class=\"elementor-button-text\">Contacta con un asesor<\/span>\n\t\t\t\t\t<\/span>\n\t\t\t\t\t<\/a>\n\t\t\t\t\t\t\t\t<\/div>\n\t\t\t\t<\/div>\n\t\t\t\t\t<\/div>\n\t\t\t\t<\/div>\n\t\t\t\t<\/div>\n\t\t","protected":false},"excerpt":{"rendered":"<p>Contacta con un asesor especializado Solicita tu asesor\u00eda de manera \u00e1gil y personalizada, adaptada a tus necesidades. Solicita una asesor\u00eda personalizada Completa el formulario con los detalles de tu operaci\u00f3n y un asesor especializado te responder\u00e1 pronto. Informaci\u00f3n de contacto Cont\u00e1ctanos por correo o tel\u00e9fono y recibe atenci\u00f3n directa de nuestro equipo comercial. +511 6123000 [&hellip;]<\/p>\n","protected":false},"author":1,"featured_media":0,"parent":0,"menu_order":0,"comment_status":"closed","ping_status":"closed","template":"","meta":{"footnotes":""},"class_list":["post-169","page","type-page","status-publish","hentry"],"blocksy_meta":[],"_links":{"self":[{"href":"https:\/\/antareslogistics.pe\/en\/wp-json\/wp\/v2\/pages\/169","targetHints":{"allow":["GET"]}}],"collection":[{"href":"https:\/\/antareslogistics.pe\/en\/wp-json\/wp\/v2\/pages"}],"about":[{"href":"https:\/\/antareslogistics.pe\/en\/wp-json\/wp\/v2\/types\/page"}],"author":[{"embeddable":true,"href":"https:\/\/antareslogistics.pe\/en\/wp-json\/wp\/v2\/users\/1"}],"replies":[{"embeddable":true,"href":"https:\/\/antareslogistics.pe\/en\/wp-json\/wp\/v2\/comments?post=169"}],"version-history":[{"count":13,"href":"https:\/\/antareslogistics.pe\/en\/wp-json\/wp\/v2\/pages\/169\/revisions"}],"predecessor-version":[{"id":2824,"href":"https:\/\/antareslogistics.pe\/en\/wp-json\/wp\/v2\/pages\/169\/revisions\/2824"}],"wp:attachment":[{"href":"https:\/\/antareslogistics.pe\/en\/wp-json\/wp\/v2\/media?parent=169"}],"curies":[{"name":"wp","href":"https:\/\/api.w.org\/{rel}","templated":true}]}}