{"id":2730,"date":"2026-02-24T16:10:21","date_gmt":"2026-02-24T21:10:21","guid":{"rendered":"https:\/\/antares-logistics.com\/?page_id=2730"},"modified":"2026-02-27T13:17:27","modified_gmt":"2026-02-27T18:17:27","slug":"comunicados","status":"publish","type":"page","link":"https:\/\/antareslogistics.pe\/en\/comunicados\/","title":{"rendered":"Comunicados"},"content":{"rendered":"<div data-elementor-type=\"wp-page\" data-elementor-id=\"2730\" class=\"elementor elementor-2730\" data-elementor-post-type=\"page\">\n\t\t\t\t<div class=\"elementor-element elementor-element-415113a6 e-flex e-con-boxed e-con e-parent\" data-id=\"415113a6\" data-element_type=\"container\" data-e-type=\"container\" data-settings=\"{&quot;background_background&quot;:&quot;classic&quot;}\">\n\t\t\t\t\t<div class=\"e-con-inner\">\n\t\t<div class=\"elementor-element elementor-element-5a1c4304 e-con-full e-flex e-con e-child\" data-id=\"5a1c4304\" data-element_type=\"container\" data-e-type=\"container\">\n\t\t\t\t<div class=\"elementor-element elementor-element-7236cbe8 elementor-widget elementor-widget-theme-post-title elementor-page-title elementor-widget-heading\" data-id=\"7236cbe8\" data-element_type=\"widget\" data-e-type=\"widget\" data-widget_type=\"theme-post-title.default\">\n\t\t\t\t\t<h1 class=\"elementor-heading-title elementor-size-default\">Comunicados<\/h1>\t\t\t\t<\/div>\n\t\t\t\t<\/div>\n\t\t<div class=\"elementor-element elementor-element-4a62a700 e-con-full hero e-flex e-con e-child\" data-id=\"4a62a700\" data-element_type=\"container\" data-e-type=\"container\" data-settings=\"{&quot;background_background&quot;:&quot;classic&quot;,&quot;position&quot;:&quot;absolute&quot;}\">\n\t\t\t\t<div class=\"elementor-element elementor-element-e975dfe elementor-widget elementor-widget-text-editor\" data-id=\"e975dfe\" data-element_type=\"widget\" data-e-type=\"widget\" data-widget_type=\"text-editor.default\">\n\t\t\t\t\t\t\t\t\t<p>En esta secci\u00f3n compartimos nuestros comunicados oficiales, actualizaciones normativas, alertas operativas y avisos relevantes para nuestros clientes y aliados estrat\u00e9gicos. Nuestro objetivo es mantener informadas a las empresas que operan en comercio exterior sobre cambios que puedan impactar sus operaciones.<\/p>\t\t\t\t\t\t\t\t<\/div>\n\t\t\t\t<\/div>\n\t\t\t\t\t<\/div>\n\t\t\t\t<\/div>\n\t\t<div class=\"elementor-element elementor-element-75a2d28 e-flex e-con-boxed e-con e-parent\" data-id=\"75a2d28\" data-element_type=\"container\" data-e-type=\"container\">\n\t\t\t\t\t<div class=\"e-con-inner\">\n\t\t\t\t<div class=\"elementor-element elementor-element-35a3af3 elementor-widget elementor-widget-html\" data-id=\"35a3af3\" data-element_type=\"widget\" data-e-type=\"widget\" data-widget_type=\"html.default\">\n\t\t\t\t\t<table>\r\n    <thead>\r\n        <tr>\r\n            <th>Comunicado<\/th>\r\n            <th>Fecha<\/th>\r\n            <th>Descarga <\/th>\r\n        <\/tr>\r\n    <\/thead>\r\n    <tbody>\r\n        <tr>\r\n            <td>  <\/td>\r\n            <td> <\/td>\r\n            <td><a href=\"#\" class=\"download-link\">  <\/a><\/td>\r\n        <\/tr>\r\n        <tr>\r\n            <td>  <\/td>\r\n            <td> <\/td>\r\n            <td><a href=\"#\" class=\"download-link\">   <\/a><\/td>\r\n        <\/tr>\r\n    <\/tbody>\r\n<\/table>\t\t\t\t<\/div>\n\t\t\t\t<div class=\"elementor-element elementor-element-07108b9 elementor-hidden-desktop elementor-hidden-laptop elementor-hidden-tablet elementor-hidden-mobile elementor-widget elementor-widget-html\" data-id=\"07108b9\" data-element_type=\"widget\" data-e-type=\"widget\" data-widget_type=\"html.default\">\n\t\t\t\t\t<!DOCTYPE html>\r\n<html lang=\"es\">\r\n<head>\r\n    <meta charset=\"UTF-8\">\r\n    <meta name=\"viewport\" content=\"width=device-width, initial-scale=1.0\">\r\n    <title>Comunicados<\/title>\r\n    <style>\r\n        body {\r\n            font-family: Arial, sans-serif;\r\n            background-color: #f0f0f0;\r\n            margin: 0;\r\n            padding: 0;\r\n        }\r\n\r\n        table {\r\n            width: 100%;\r\n            margin: 20px 0;\r\n            border-collapse: collapse;\r\n        }\r\n\r\n        th, td {\r\n            padding: 12px;\r\n            text-align: left;\r\n            border: 1px solid #ddd;\r\n        }\r\n\r\n        th {\r\n            background-color: #003AD7; \/* Color solicitado solo para el encabezado *\/\r\n            color: white;\r\n        }\r\n\r\n        tr:nth-child(even) {\r\n            background-color: #f2f2f2;\r\n        }\r\n\r\n        .download-link {\r\n            color: #003AD7; \/* Color de los enlaces de descarga *\/\r\n            text-decoration: none;\r\n        }\r\n\r\n        .download-link:hover {\r\n            text-decoration: underline;\r\n        }\r\n    <\/style>\r\n<\/head>\r\n<body>\r\n\r\n    <table>\r\n        <thead>\r\n            <tr>\r\n                <th>Comunicado<\/th>\r\n                <th>Fecha<\/th>\r\n                <th>Descarga<\/th>\r\n            <\/tr>\r\n        <\/thead>\r\n        <tbody>\r\n            <tr>\r\n                <td>Comunicado Ejemplo 1<\/td>\r\n                <td>27\/02\/2026<\/td>\r\n                <td><a href=\"#\" class=\"download-link\">Descargar<\/a><\/td>\r\n            <\/tr>\r\n            <tr>\r\n                <td>Comunicado Ejemplo 2<\/td>\r\n                <td>28\/02\/2026<\/td>\r\n                <td><a href=\"#\" class=\"download-link\">Descargar<\/a><\/td>\r\n            <\/tr>\r\n        <\/tbody>\r\n    <\/table>\r\n\r\n<\/body>\r\n<\/html>\t\t\t\t<\/div>\n\t\t\t\t\t<\/div>\n\t\t\t\t<\/div>\n\t\t<div class=\"elementor-element elementor-element-5a621c7 e-flex e-con-boxed e-con e-parent\" data-id=\"5a621c7\" data-element_type=\"container\" data-e-type=\"container\" data-settings=\"{&quot;background_background&quot;:&quot;classic&quot;}\">\n\t\t\t\t\t<div class=\"e-con-inner\">\n\t\t<div class=\"elementor-element elementor-element-38169a4 e-con-full menu-servicios-ff1L e-flex e-con e-child\" data-id=\"38169a4\" data-element_type=\"container\" data-e-type=\"container\" data-settings=\"{&quot;background_background&quot;:&quot;classic&quot;}\">\n\t\t\t\t<div class=\"elementor-element elementor-element-a48dabd elementor-widget elementor-widget-heading\" data-id=\"a48dabd\" data-element_type=\"widget\" data-e-type=\"widget\" data-widget_type=\"heading.default\">\n\t\t\t\t\t<h2 class=\"elementor-heading-title elementor-size-default\">Tu aliado para avisos preventivos<\/h2>\t\t\t\t<\/div>\n\t\t\t\t<div class=\"elementor-element elementor-element-1859dc7 elementor-widget elementor-widget-text-editor\" data-id=\"1859dc7\" data-element_type=\"widget\" data-e-type=\"widget\" data-widget_type=\"text-editor.default\">\n\t\t\t\t\t\t\t\t\t<p>Nos dedicamos a facilitar el camino hacia la consecuci\u00f3n de tus objetivos comerciales mediante soluciones log\u00edsticas integrales y estrat\u00e9gicas.<\/p><p>Nuestro compromiso es brindarte transparencia, seguridad y eficiencia en cada etapa de la cadena de suministro, asegurando un manejo adecuado de tu carga desde el origen hasta el destino.<\/p>\t\t\t\t\t\t\t\t<\/div>\n\t\t\t\t<div class=\"elementor-element elementor-element-9d8038e elementor-tablet-align-justify elementor-mobile-align-justify elementor-widget-mobile__width-inherit elementor-widget elementor-widget-button\" data-id=\"9d8038e\" data-element_type=\"widget\" data-e-type=\"widget\" data-widget_type=\"button.default\">\n\t\t\t\t\t\t\t\t\t\t<a class=\"elementor-button elementor-button-link elementor-size-sm\" href=\"https:\/\/antareslogistics.pe\/en\/contactanos\/\">\n\t\t\t\t\t\t<span class=\"elementor-button-content-wrapper\">\n\t\t\t\t\t\t\t\t\t<span class=\"elementor-button-text\">CONTACTA CON UN ASESOR<\/span>\n\t\t\t\t\t<\/span>\n\t\t\t\t\t<\/a>\n\t\t\t\t\t\t\t\t<\/div>\n\t\t\t\t<\/div>\n\t\t<div class=\"elementor-element elementor-element-f8e6dc5 e-con-full e-flex e-con e-child\" data-id=\"f8e6dc5\" data-element_type=\"container\" data-e-type=\"container\">\n\t\t<div class=\"elementor-element elementor-element-a730f37 e-con-full e-flex e-con e-child\" data-id=\"a730f37\" data-element_type=\"container\" data-e-type=\"container\">\n\t\t\t\t<div class=\"elementor-element elementor-element-0bdee4b elementor-widget elementor-widget-heading\" data-id=\"0bdee4b\" data-element_type=\"widget\" data-e-type=\"widget\" data-widget_type=\"heading.default\">\n\t\t\t\t\t<h2 class=\"elementor-heading-title elementor-size-default\">Actualizaciones operativas<\/h2>\t\t\t\t<\/div>\n\t\t\t\t<div class=\"elementor-element elementor-element-a84f57b elementor-widget elementor-widget-text-editor\" data-id=\"a84f57b\" data-element_type=\"widget\" data-e-type=\"widget\" data-widget_type=\"text-editor.default\">\n\t\t\t\t\t\t\t\t\t<p>Brindamos orientaci\u00f3n pr\u00e1ctica para que las empresas puedan anticiparse y minimizar contingencias.<\/p>\t\t\t\t\t\t\t\t<\/div>\n\t\t<div class=\"elementor-element elementor-element-80d8ca7 e-con-full e-flex e-con e-child\" data-id=\"80d8ca7\" data-element_type=\"container\" data-e-type=\"container\" data-settings=\"{&quot;background_background&quot;:&quot;classic&quot;}\">\n\t\t\t\t<\/div>\n\t\t\t\t<\/div>\n\t\t\t\t<\/div>\n\t\t\t\t\t<\/div>\n\t\t\t\t<\/div>\n\t\t\t\t<\/div>","protected":false},"excerpt":{"rendered":"<p>En esta secci\u00f3n compartimos nuestros comunicados oficiales, actualizaciones normativas, alertas operativas y avisos relevantes para nuestros clientes y aliados estrat\u00e9gicos. Nuestro objetivo es mantener informadas a las empresas que operan en comercio exterior sobre cambios que puedan impactar sus operaciones. Comunicado Fecha Descarga Comunicados Comunicado Fecha Descarga Comunicado Ejemplo 1 27\/02\/2026 Descargar Comunicado Ejemplo 2 [&hellip;]<\/p>\n","protected":false},"author":1,"featured_media":0,"parent":0,"menu_order":0,"comment_status":"closed","ping_status":"closed","template":"","meta":{"footnotes":""},"class_list":["post-2730","page","type-page","status-publish","hentry"],"blocksy_meta":[],"_links":{"self":[{"href":"https:\/\/antareslogistics.pe\/en\/wp-json\/wp\/v2\/pages\/2730","targetHints":{"allow":["GET"]}}],"collection":[{"href":"https:\/\/antareslogistics.pe\/en\/wp-json\/wp\/v2\/pages"}],"about":[{"href":"https:\/\/antareslogistics.pe\/en\/wp-json\/wp\/v2\/types\/page"}],"author":[{"embeddable":true,"href":"https:\/\/antareslogistics.pe\/en\/wp-json\/wp\/v2\/users\/1"}],"replies":[{"embeddable":true,"href":"https:\/\/antareslogistics.pe\/en\/wp-json\/wp\/v2\/comments?post=2730"}],"version-history":[{"count":41,"href":"https:\/\/antareslogistics.pe\/en\/wp-json\/wp\/v2\/pages\/2730\/revisions"}],"predecessor-version":[{"id":2812,"href":"https:\/\/antareslogistics.pe\/en\/wp-json\/wp\/v2\/pages\/2730\/revisions\/2812"}],"wp:attachment":[{"href":"https:\/\/antareslogistics.pe\/en\/wp-json\/wp\/v2\/media?parent=2730"}],"curies":[{"name":"wp","href":"https:\/\/api.w.org\/{rel}","templated":true}]}}